{"id":4610,"date":"2023-08-18T11:32:28","date_gmt":"2023-08-18T09:32:28","guid":{"rendered":"https:\/\/www.dcled.es\/codis-qr-i-pantalles-led-2\/"},"modified":"2024-05-13T11:49:43","modified_gmt":"2024-05-13T09:49:43","slug":"codis-qr-i-pantalles-led-2","status":"publish","type":"page","link":"https:\/\/www.dcled.es\/ca\/codis-qr-i-pantalles-led-2\/","title":{"rendered":"Codis QR i pantalles LED"},"content":{"rendered":"\t\t<div data-elementor-type=\"wp-page\" data-elementor-id=\"4610\" class=\"elementor elementor-4610 elementor-3414\" data-elementor-post-type=\"page\">\n\t\t\t\t\t\t<section class=\"elementor-section elementor-top-section elementor-element elementor-element-5a32db9 elementor-section-boxed elementor-section-height-default elementor-section-height-default\" data-id=\"5a32db9\" data-element_type=\"section\">\n\t\t\t\t\t\t<div class=\"elementor-container elementor-column-gap-default\">\n\t\t\t\t\t<div class=\"elementor-column elementor-col-100 elementor-top-column elementor-element elementor-element-81029af\" data-id=\"81029af\" data-element_type=\"column\">\n\t\t\t<div class=\"elementor-widget-wrap elementor-element-populated\">\n\t\t\t\t\t\t<div class=\"elementor-element elementor-element-572241c elementor-widget elementor-widget-heading\" data-id=\"572241c\" data-element_type=\"widget\" data-widget_type=\"heading.default\">\n\t\t\t\t\t<h1 class=\"elementor-heading-title elementor-size-default\">Codis QR i pantalles LED<\/h1>\t\t\t\t<\/div>\n\t\t\t\t\t<\/div>\n\t\t<\/div>\n\t\t\t\t\t<\/div>\n\t\t<\/section>\n\t\t\t\t<section class=\"elementor-section elementor-top-section elementor-element elementor-element-9519bbe elementor-section-boxed elementor-section-height-default elementor-section-height-default\" data-id=\"9519bbe\" data-element_type=\"section\">\n\t\t\t\t\t\t<div class=\"elementor-container elementor-column-gap-default\">\n\t\t\t\t\t<div class=\"elementor-column elementor-col-100 elementor-top-column elementor-element elementor-element-63d7d16\" data-id=\"63d7d16\" data-element_type=\"column\">\n\t\t\t<div class=\"elementor-widget-wrap elementor-element-populated\">\n\t\t\t\t\t\t<div class=\"elementor-element elementor-element-a28d885 elementor-widget elementor-widget-image\" data-id=\"a28d885\" data-element_type=\"widget\" data-widget_type=\"image.default\">\n\t\t\t\t\t\t\t\t\t\t\t\t\t\t\t<img decoding=\"async\" width=\"1201\" height=\"631\" data-src=\"https:\/\/www.dcled.es\/wp-content\/uploads\/2023\/08\/codigos-qr-y-pantallas-LED.png\" class=\"attachment-2048x2048 size-2048x2048 wp-image-3445 lazyload\" alt=\"\u00bfSe pueden utilizar c\u00f3digos QR en las pantallas LED?\" data-srcset=\"https:\/\/www.dcled.es\/wp-content\/uploads\/2023\/08\/codigos-qr-y-pantallas-LED.png 1201w, https:\/\/www.dcled.es\/wp-content\/uploads\/2023\/08\/codigos-qr-y-pantallas-LED-300x158.png 300w, https:\/\/www.dcled.es\/wp-content\/uploads\/2023\/08\/codigos-qr-y-pantallas-LED-1024x538.png 1024w, https:\/\/www.dcled.es\/wp-content\/uploads\/2023\/08\/codigos-qr-y-pantallas-LED-768x404.png 768w\" data-sizes=\"(max-width: 1201px) 100vw, 1201px\" src=\"data:image\/svg+xml;base64,PHN2ZyB3aWR0aD0iMSIgaGVpZ2h0PSIxIiB4bWxucz0iaHR0cDovL3d3dy53My5vcmcvMjAwMC9zdmciPjwvc3ZnPg==\" style=\"--smush-placeholder-width: 1201px; --smush-placeholder-aspect-ratio: 1201\/631;\" \/>\t\t\t\t\t\t\t\t\t\t\t\t\t\t\t<\/div>\n\t\t\t\t\t<\/div>\n\t\t<\/div>\n\t\t\t\t\t<\/div>\n\t\t<\/section>\n\t\t\t\t<section class=\"elementor-section elementor-top-section elementor-element elementor-element-9b89149 elementor-section-boxed elementor-section-height-default elementor-section-height-default\" data-id=\"9b89149\" data-element_type=\"section\">\n\t\t\t\t\t\t<div class=\"elementor-container elementor-column-gap-default\">\n\t\t\t\t\t<div class=\"elementor-column elementor-col-100 elementor-top-column elementor-element elementor-element-d9d763d\" data-id=\"d9d763d\" data-element_type=\"column\">\n\t\t\t<div class=\"elementor-widget-wrap elementor-element-populated\">\n\t\t\t\t\t\t<div class=\"elementor-element elementor-element-219c487 elementor-widget elementor-widget-text-editor\" data-id=\"219c487\" data-element_type=\"widget\" data-widget_type=\"text-editor.default\">\n\t\t\t\t\t\t\t\t\t<p>Mostrar un codi QR en un suport digital com \u00e9s una pantalla LED, pot ser un aspecte diferenciador respecte a la compet\u00e8ncia. Els codis QR tenen la capacitat de dirigir els usuaris a un contingut concret amb la simple acci\u00f3 d&#8217;escaneig amb un tel\u00e8fon intel\u00b7ligent.<\/p>\n<p>Els codis QR es generen molt f\u00e0cilment utilitzant un <a href=\"https:\/\/qr.io\/es\/?gclid=Cj0KCQjwrfymBhCTARIsADXTabkUzipQCBoc_PR5LY3ITQ_tYOyeakpG4e6zh8Cx-ikg0eX8WuuGuiEaArBbEALw_wcB\" target=\"_blank\" rel=\"noopener\">generador de codis QR<\/a> com aquest i poden incorporar informaci\u00f3 multim\u00e8dia de tot tipus com ara v\u00eddeos, enlla\u00e7os, imatges, formularis, cupons i molt m\u00e9s. Amb una bona <strong>estrat\u00e8gia de codis QR<\/strong>, les empreses poden impulsar una participaci\u00f3 m\u00e9s gran del seu p\u00fablic objectiu, potenciant el tr\u00e0nsit cap a la seva web o xarxes socials.<\/p>\n\t\t\t\t\t\t\t\t<\/div>\n\t\t\t\t<div class=\"elementor-element elementor-element-cee8c30 elementor-widget elementor-widget-text-editor\" data-id=\"cee8c30\" data-element_type=\"widget\" data-widget_type=\"text-editor.default\">\n\t\t\t\t\t\t\t\t\t<h2>Els codis QR estan en tend\u00e8ncia<\/h2>\n\t\t\t\t\t\t\t\t<\/div>\n\t\t\t\t<div class=\"elementor-element elementor-element-91a24a3 elementor-widget elementor-widget-text-editor\" data-id=\"91a24a3\" data-element_type=\"widget\" data-widget_type=\"text-editor.default\">\n\t\t\t\t\t\t\t\t\t<p>Segons un estudi recent de <a href=\"https:\/\/www.statista.com\/statistics\/1337584\/number-of-smartphone-qr-code-scanners-usa\/\" target=\"_blank\" rel=\"noopener\">Statista<\/a>, el nombre de smartphones que han escanejat codis QR l&#8217;\u00faltim any ha augmentat \ud83d\udcc8m\u00e9s d&#8217;un 25% i es preveu que aquesta tend\u00e8ncia vagi en augment.<\/p>\n<p>Els codis QR a les pantalles LED es poden utilitzar de manera efectiva per promocionar \ud83c\udf10llocs web, \ud83c\udf81oferir contingut exclusiu, \ud83d\udcafaccedir a ofertes i promocions o generar \ud83d\udc65contactes dins d&#8217;una campanya de m\u00e0rqueting.<\/p>\n<p>No obstant, s&#8217;ha de tindre molt en compte aspectes com:<br \/>\u2705Visibilitat: Assegureu-vos que el codi QR sigui prou gran per escanejar-lo de manera efectiva.<br \/>\u2705Missateg clar: Digues clarament per a qu\u00e8 serveix el codi i qu\u00e8 aconseguiran en escanejar-lo.<br \/>\u2705Contingut rellevant: Enlla\u00e7a el codi amb contingut \u00fatil per a la teva audi\u00e8ncia.<br \/>\u2705An\u00e0lisi de resultats: Fes un seguiment dels resultats de la campanya per veure la seva eficacia i corregir errors.<\/p>\n\t\t\t\t\t\t\t\t<\/div>\n\t\t\t\t\t<\/div>\n\t\t<\/div>\n\t\t\t\t\t<\/div>\n\t\t<\/section>\n\t\t\t\t<section class=\"elementor-section elementor-top-section elementor-element elementor-element-b362041 elementor-section-boxed elementor-section-height-default elementor-section-height-default\" data-id=\"b362041\" data-element_type=\"section\">\n\t\t\t\t\t\t<div class=\"elementor-container elementor-column-gap-default\">\n\t\t\t\t\t<div class=\"elementor-column elementor-col-20 elementor-top-column elementor-element elementor-element-2ab4b43\" data-id=\"2ab4b43\" data-element_type=\"column\">\n\t\t\t<div class=\"elementor-widget-wrap elementor-element-populated\">\n\t\t\t\t\t\t<div class=\"elementor-element elementor-element-16031eb elementor-widget elementor-widget-image\" data-id=\"16031eb\" data-element_type=\"widget\" data-widget_type=\"image.default\">\n\t\t\t\t\t\t\t\t\t\t\t\t\t\t\t<img decoding=\"async\" width=\"800\" height=\"534\" data-src=\"https:\/\/www.dcled.es\/wp-content\/uploads\/2023\/08\/qr-tienda-ropa-1024x683.png\" class=\"elementor-animation-grow attachment-large size-large wp-image-3370 lazyload\" alt=\"Pantalla LED con codigo QR en tienda de ropa\" data-srcset=\"https:\/\/www.dcled.es\/wp-content\/uploads\/2023\/08\/qr-tienda-ropa-1024x683.png 1024w, https:\/\/www.dcled.es\/wp-content\/uploads\/2023\/08\/qr-tienda-ropa-300x200.png 300w, https:\/\/www.dcled.es\/wp-content\/uploads\/2023\/08\/qr-tienda-ropa-768x512.png 768w, https:\/\/www.dcled.es\/wp-content\/uploads\/2023\/08\/qr-tienda-ropa-1536x1024.png 1536w, https:\/\/www.dcled.es\/wp-content\/uploads\/2023\/08\/qr-tienda-ropa-2048x1365.png 2048w\" data-sizes=\"(max-width: 800px) 100vw, 800px\" src=\"data:image\/svg+xml;base64,PHN2ZyB3aWR0aD0iMSIgaGVpZ2h0PSIxIiB4bWxucz0iaHR0cDovL3d3dy53My5vcmcvMjAwMC9zdmciPjwvc3ZnPg==\" style=\"--smush-placeholder-width: 800px; --smush-placeholder-aspect-ratio: 800\/534;\" \/>\t\t\t\t\t\t\t\t\t\t\t\t\t\t\t<\/div>\n\t\t\t\t\t<\/div>\n\t\t<\/div>\n\t\t\t\t<div class=\"elementor-column elementor-col-20 elementor-top-column elementor-element elementor-element-07e1a83\" data-id=\"07e1a83\" data-element_type=\"column\">\n\t\t\t<div class=\"elementor-widget-wrap elementor-element-populated\">\n\t\t\t\t\t\t<div class=\"elementor-element elementor-element-6afe8d0 elementor-widget elementor-widget-image\" data-id=\"6afe8d0\" data-element_type=\"widget\" data-widget_type=\"image.default\">\n\t\t\t\t\t\t\t\t\t\t\t\t\t\t\t<img decoding=\"async\" width=\"800\" height=\"534\" data-src=\"https:\/\/www.dcled.es\/wp-content\/uploads\/2023\/08\/qr-academia-london-1024x683.png\" class=\"elementor-animation-grow attachment-large size-large wp-image-3368 lazyload\" alt=\"Pantalla LED exterior con codigo QR curso de ingl\u00e9s\" data-srcset=\"https:\/\/www.dcled.es\/wp-content\/uploads\/2023\/08\/qr-academia-london-1024x683.png 1024w, https:\/\/www.dcled.es\/wp-content\/uploads\/2023\/08\/qr-academia-london-300x200.png 300w, https:\/\/www.dcled.es\/wp-content\/uploads\/2023\/08\/qr-academia-london-768x512.png 768w, https:\/\/www.dcled.es\/wp-content\/uploads\/2023\/08\/qr-academia-london-1536x1025.png 1536w, https:\/\/www.dcled.es\/wp-content\/uploads\/2023\/08\/qr-academia-london-2048x1366.png 2048w\" data-sizes=\"(max-width: 800px) 100vw, 800px\" src=\"data:image\/svg+xml;base64,PHN2ZyB3aWR0aD0iMSIgaGVpZ2h0PSIxIiB4bWxucz0iaHR0cDovL3d3dy53My5vcmcvMjAwMC9zdmciPjwvc3ZnPg==\" style=\"--smush-placeholder-width: 800px; --smush-placeholder-aspect-ratio: 800\/534;\" \/>\t\t\t\t\t\t\t\t\t\t\t\t\t\t\t<\/div>\n\t\t\t\t\t<\/div>\n\t\t<\/div>\n\t\t\t\t<div class=\"elementor-column elementor-col-20 elementor-top-column elementor-element elementor-element-bc92254\" data-id=\"bc92254\" data-element_type=\"column\">\n\t\t\t<div class=\"elementor-widget-wrap elementor-element-populated\">\n\t\t\t\t\t\t<div class=\"elementor-element elementor-element-6561ddb elementor-widget elementor-widget-image\" data-id=\"6561ddb\" data-element_type=\"widget\" data-widget_type=\"image.default\">\n\t\t\t\t\t\t\t\t\t\t\t\t\t\t\t<img decoding=\"async\" width=\"800\" height=\"532\" data-src=\"https:\/\/www.dcled.es\/wp-content\/uploads\/2023\/08\/scan-me-1024x681.png\" class=\"elementor-animation-grow attachment-large size-large wp-image-3377 lazyload\" alt=\"Mupi LED exterior con codigo QR scan me gafas y reloj\" data-srcset=\"https:\/\/www.dcled.es\/wp-content\/uploads\/2023\/08\/scan-me-1024x681.png 1024w, https:\/\/www.dcled.es\/wp-content\/uploads\/2023\/08\/scan-me-300x199.png 300w, https:\/\/www.dcled.es\/wp-content\/uploads\/2023\/08\/scan-me-768x511.png 768w, https:\/\/www.dcled.es\/wp-content\/uploads\/2023\/08\/scan-me-1536x1021.png 1536w, https:\/\/www.dcled.es\/wp-content\/uploads\/2023\/08\/scan-me-2048x1362.png 2048w\" data-sizes=\"(max-width: 800px) 100vw, 800px\" src=\"data:image\/svg+xml;base64,PHN2ZyB3aWR0aD0iMSIgaGVpZ2h0PSIxIiB4bWxucz0iaHR0cDovL3d3dy53My5vcmcvMjAwMC9zdmciPjwvc3ZnPg==\" style=\"--smush-placeholder-width: 800px; --smush-placeholder-aspect-ratio: 800\/532;\" \/>\t\t\t\t\t\t\t\t\t\t\t\t\t\t\t<\/div>\n\t\t\t\t\t<\/div>\n\t\t<\/div>\n\t\t\t\t<div class=\"elementor-column elementor-col-20 elementor-top-column elementor-element elementor-element-166b841\" data-id=\"166b841\" data-element_type=\"column\">\n\t\t\t<div class=\"elementor-widget-wrap elementor-element-populated\">\n\t\t\t\t\t\t<div class=\"elementor-element elementor-element-9061bb5 elementor-widget elementor-widget-image\" data-id=\"9061bb5\" data-element_type=\"widget\" data-widget_type=\"image.default\">\n\t\t\t\t\t\t\t\t\t\t\t\t\t\t\t<img decoding=\"async\" width=\"800\" height=\"532\" data-src=\"https:\/\/www.dcled.es\/wp-content\/uploads\/2023\/08\/RETOL-QR-1024x681.png\" class=\"elementor-animation-grow attachment-large size-large wp-image-3375 lazyload\" alt=\"R\u00f3tulo LED exterior con codigo QR colecci\u00f3n exclusiva gafas\" data-srcset=\"https:\/\/www.dcled.es\/wp-content\/uploads\/2023\/08\/RETOL-QR-1024x681.png 1024w, https:\/\/www.dcled.es\/wp-content\/uploads\/2023\/08\/RETOL-QR-300x199.png 300w, https:\/\/www.dcled.es\/wp-content\/uploads\/2023\/08\/RETOL-QR-768x511.png 768w, https:\/\/www.dcled.es\/wp-content\/uploads\/2023\/08\/RETOL-QR-1536x1021.png 1536w, https:\/\/www.dcled.es\/wp-content\/uploads\/2023\/08\/RETOL-QR-2048x1362.png 2048w\" data-sizes=\"(max-width: 800px) 100vw, 800px\" src=\"data:image\/svg+xml;base64,PHN2ZyB3aWR0aD0iMSIgaGVpZ2h0PSIxIiB4bWxucz0iaHR0cDovL3d3dy53My5vcmcvMjAwMC9zdmciPjwvc3ZnPg==\" style=\"--smush-placeholder-width: 800px; --smush-placeholder-aspect-ratio: 800\/532;\" \/>\t\t\t\t\t\t\t\t\t\t\t\t\t\t\t<\/div>\n\t\t\t\t\t<\/div>\n\t\t<\/div>\n\t\t\t\t<div class=\"elementor-column elementor-col-20 elementor-top-column elementor-element elementor-element-79b4c3c\" data-id=\"79b4c3c\" data-element_type=\"column\">\n\t\t\t<div class=\"elementor-widget-wrap elementor-element-populated\">\n\t\t\t\t\t\t<div class=\"elementor-element elementor-element-4a2a00a elementor-widget elementor-widget-image\" data-id=\"4a2a00a\" data-element_type=\"widget\" data-widget_type=\"image.default\">\n\t\t\t\t\t\t\t\t\t\t\t\t\t\t\t<img decoding=\"async\" data-src=\"https:\/\/www.dcled.es\/wp-content\/uploads\/elementor\/thumbs\/QR-e1692355359929-qb39fi1zrlm6djox80s3opto1kqps3x0cs3k9u6a34.png\" title=\"Pantalles LED exterior estaci\u00f3 amb codi QR oferta rebaixes\" alt=\"Pantalles LED exterior estaci\u00f3 amb codi QR oferta rebaixes\" class=\"elementor-animation-grow lazyload\" src=\"data:image\/svg+xml;base64,PHN2ZyB3aWR0aD0iMSIgaGVpZ2h0PSIxIiB4bWxucz0iaHR0cDovL3d3dy53My5vcmcvMjAwMC9zdmciPjwvc3ZnPg==\" style=\"--smush-placeholder-width: 1024px; --smush-placeholder-aspect-ratio: 1024\/680;\" \/>\t\t\t\t\t\t\t\t\t\t\t\t\t\t\t<\/div>\n\t\t\t\t\t<\/div>\n\t\t<\/div>\n\t\t\t\t\t<\/div>\n\t\t<\/section>\n\t\t\t\t<section class=\"elementor-section elementor-top-section elementor-element elementor-element-187d1f8 elementor-section-boxed elementor-section-height-default elementor-section-height-default\" data-id=\"187d1f8\" data-element_type=\"section\">\n\t\t\t\t\t\t<div class=\"elementor-container elementor-column-gap-default\">\n\t\t\t\t\t<div class=\"elementor-column elementor-col-100 elementor-top-column elementor-element elementor-element-80c762e\" data-id=\"80c762e\" data-element_type=\"column\">\n\t\t\t<div class=\"elementor-widget-wrap elementor-element-populated\">\n\t\t\t\t\t\t<div class=\"elementor-element elementor-element-ed99f49 elementor-widget elementor-widget-text-editor\" data-id=\"ed99f49\" data-element_type=\"widget\" data-widget_type=\"text-editor.default\">\n\t\t\t\t\t\t\t\t\t<h2>Els codis QR com a eina de m\u00e0rqueting<\/h2>\n\t\t\t\t\t\t\t\t<\/div>\n\t\t\t\t<div class=\"elementor-element elementor-element-813ccb8 elementor-widget elementor-widget-text-editor\" data-id=\"813ccb8\" data-element_type=\"widget\" data-widget_type=\"text-editor.default\">\n\t\t\t\t\t\t\t\t\t<p>\ud83d\udca1Recordeu que els codis QR en suports exteriors com les pantalles LED s\u00f3n una gran eina de m\u00e0rqueting i publicitat que ofereixen una experi\u00e8ncia interactiva donant-li un valor afegit a la teva marca i diferenciant-te de la compet\u00e8ncia.<\/p>\n<p>\u2139\ufe0fA DCLED som especialistes en senyalitzaci\u00f3 digital din\u00e0mica i instal\u00b7laci\u00f3 de pantalles LED en tot tipus de sectors.<\/p>\n<p><a href=\"https:\/\/www.dcled.es\/#contacta\">Cont\u00e1ctanos<\/a> i et preparem un pressupost a mida<br \/>\u260e\ufe0f 977 58 80 32<br \/>\ud83d\udcf2 601 99 60 98<br \/>\u2709\ufe0f info@dcled.es<\/p>\n\t\t\t\t\t\t\t\t<\/div>\n\t\t\t\t\t<\/div>\n\t\t<\/div>\n\t\t\t\t\t<\/div>\n\t\t<\/section>\n\t\t\t\t<\/div>\n\t\t","protected":false},"excerpt":{"rendered":"","protected":false},"author":3,"featured_media":3348,"parent":0,"menu_order":0,"comment_status":"closed","ping_status":"closed","template":"elementor_header_footer","meta":{"footnotes":""},"class_list":["post-4610","page","type-page","status-publish","has-post-thumbnail","hentry"],"_links":{"self":[{"href":"https:\/\/www.dcled.es\/ca\/wp-json\/wp\/v2\/pages\/4610","targetHints":{"allow":["GET"]}}],"collection":[{"href":"https:\/\/www.dcled.es\/ca\/wp-json\/wp\/v2\/pages"}],"about":[{"href":"https:\/\/www.dcled.es\/ca\/wp-json\/wp\/v2\/types\/page"}],"author":[{"embeddable":true,"href":"https:\/\/www.dcled.es\/ca\/wp-json\/wp\/v2\/users\/3"}],"replies":[{"embeddable":true,"href":"https:\/\/www.dcled.es\/ca\/wp-json\/wp\/v2\/comments?post=4610"}],"version-history":[{"count":3,"href":"https:\/\/www.dcled.es\/ca\/wp-json\/wp\/v2\/pages\/4610\/revisions"}],"predecessor-version":[{"id":4613,"href":"https:\/\/www.dcled.es\/ca\/wp-json\/wp\/v2\/pages\/4610\/revisions\/4613"}],"wp:featuredmedia":[{"embeddable":true,"href":"https:\/\/www.dcled.es\/ca\/wp-json\/wp\/v2\/media\/3348"}],"wp:attachment":[{"href":"https:\/\/www.dcled.es\/ca\/wp-json\/wp\/v2\/media?parent=4610"}],"curies":[{"name":"wp","href":"https:\/\/api.w.org\/{rel}","templated":true}]}}