{"id":2423,"date":"2023-02-02T12:58:49","date_gmt":"2023-02-02T11:58:49","guid":{"rendered":"https:\/\/www.dcled.es\/inici\/pantalles-led\/"},"modified":"2024-05-13T11:47:52","modified_gmt":"2024-05-13T09:47:52","slug":"pantalles-led","status":"publish","type":"page","link":"https:\/\/www.dcled.es\/ca\/pantalles-led\/","title":{"rendered":"Pantalles LED"},"content":{"rendered":"<p><img width=\"360\" height=\"359\" data-src=\"https:\/\/www.dcled.es\/wp-content\/uploads\/2022\/04\/escaparate-04.png\" alt=\"\" decoding=\"async\" data-srcset=\"https:\/\/www.dcled.es\/wp-content\/uploads\/2022\/04\/escaparate-04.png 360w, https:\/\/www.dcled.es\/wp-content\/uploads\/2022\/04\/escaparate-04-300x300.png 300w, https:\/\/www.dcled.es\/wp-content\/uploads\/2022\/04\/escaparate-04-150x150.png 150w\" data-sizes=\"(max-width: 360px) 100vw, 360px\" src=\"data:image\/svg+xml;base64,PHN2ZyB3aWR0aD0iMSIgaGVpZ2h0PSIxIiB4bWxucz0iaHR0cDovL3d3dy53My5vcmcvMjAwMC9zdmciPjwvc3ZnPg==\" class=\"lazyload\" style=\"--smush-placeholder-width: 360px; --smush-placeholder-aspect-ratio: 360\/359;\" \/>\t\t\t\t\t\t\t<\/p>\n<h3>\n\t\t\t\t\t\t\t\tLED Exterior\t\t\t\t\t\t\t<\/h3>\n<p>\t\t\t\t\t\t\t\tVeure m\u00e9s +<br \/>\n\t\t\t<a href=\"https:\/\/www.dcled.es\/pantalla\/led-exterior\/\"><br \/>\n\t\t\t\t\t\t\tLes pantalles LED d&#8217;exterior es caracteritzen per la seva versatilitat en grans espais. La seva construcci\u00f3 les permet fer front a condicions meteorol\u00f2giques m\u00e9s exigents. Son perfectes per a recintes, establiments o comer\u00e7os.<br \/>\n\t\t\t\t\t\t+ INFO<br \/>\n\t\t<\/a><br \/>\n\t\t\t\t\t\t\t\t<img width=\"360\" height=\"359\" data-src=\"https:\/\/www.dcled.es\/wp-content\/uploads\/2022\/04\/escaparate-03.png\" alt=\"\" decoding=\"async\" data-srcset=\"https:\/\/www.dcled.es\/wp-content\/uploads\/2022\/04\/escaparate-03.png 360w, https:\/\/www.dcled.es\/wp-content\/uploads\/2022\/04\/escaparate-03-300x300.png 300w, https:\/\/www.dcled.es\/wp-content\/uploads\/2022\/04\/escaparate-03-150x150.png 150w\" data-sizes=\"(max-width: 360px) 100vw, 360px\" src=\"data:image\/svg+xml;base64,PHN2ZyB3aWR0aD0iMSIgaGVpZ2h0PSIxIiB4bWxucz0iaHR0cDovL3d3dy53My5vcmcvMjAwMC9zdmciPjwvc3ZnPg==\" class=\"lazyload\" style=\"--smush-placeholder-width: 360px; --smush-placeholder-aspect-ratio: 360\/359;\" \/>\t\t\t\t\t\t\t<\/p>\n<h3>\n\t\t\t\t\t\t\t\tLED Interior\t\t\t\t\t\t\t<\/h3>\n<p>\t\t\t\t\t\t\t\tVeure m\u00e9s +<br \/>\n\t\t\t<a href=\"https:\/\/www.dcled.es\/pantalla\/led-interior\/\"><br \/>\n\t\t\t\t\t\t\tLes pantalles LED d&#8217;interior es caracteritzen per la seva versatilitat en espais mitjans i petits. Son perfectes per a diferents establiments comercials, tendes i recintes interiors.<br \/>\n\t\t\t\t\t\t+ INFO<br \/>\n\t\t<\/a><br \/>\n\t\t\t\t\t\t\t\t<img width=\"359\" height=\"359\" data-src=\"https:\/\/www.dcled.es\/wp-content\/uploads\/2022\/04\/escaparate_Mesa-de-trabajo-1.png\" alt=\"\" decoding=\"async\" data-srcset=\"https:\/\/www.dcled.es\/wp-content\/uploads\/2022\/04\/escaparate_Mesa-de-trabajo-1.png 359w, https:\/\/www.dcled.es\/wp-content\/uploads\/2022\/04\/escaparate_Mesa-de-trabajo-1-300x300.png 300w, https:\/\/www.dcled.es\/wp-content\/uploads\/2022\/04\/escaparate_Mesa-de-trabajo-1-150x150.png 150w\" data-sizes=\"(max-width: 359px) 100vw, 359px\" src=\"data:image\/svg+xml;base64,PHN2ZyB3aWR0aD0iMSIgaGVpZ2h0PSIxIiB4bWxucz0iaHR0cDovL3d3dy53My5vcmcvMjAwMC9zdmciPjwvc3ZnPg==\" class=\"lazyload\" style=\"--smush-placeholder-width: 359px; --smush-placeholder-aspect-ratio: 359\/359;\" \/>\t\t\t\t\t\t\t<\/p>\n<h3>\n\t\t\t\t\t\t\t\tColumnes LED\t\t\t\t\t\t\t<\/h3>\n<p>\t\t\t\t\t\t\t\tVeure m\u00e9s +<br \/>\n\t\t\t<a href=\"https:\/\/www.dcled.es\/pantalla\/columnas-led\/\"><br \/>\n\t\t\t\t\t\t\tLes columnes LED s\u00f3n un tipus de pantalles d&#8217;exterior, per\u00f2 col\u00b7locades sobre un pal. Aix\u00f2 permet una lectura perfecta en carreteres d&#8217;alta densitat o des de diferents dist\u00e0ncies i angles en zones de vianants.<br \/>\n\t\t\t\t\t\t+ INFO<br \/>\n\t\t<\/a><br \/>\n\t\t\t\t\t\t\t\t<img width=\"359\" height=\"359\" data-src=\"https:\/\/www.dcled.es\/wp-content\/uploads\/2022\/04\/escaparate-02.png\" alt=\"\" decoding=\"async\" data-srcset=\"https:\/\/www.dcled.es\/wp-content\/uploads\/2022\/04\/escaparate-02.png 359w, https:\/\/www.dcled.es\/wp-content\/uploads\/2022\/04\/escaparate-02-300x300.png 300w, https:\/\/www.dcled.es\/wp-content\/uploads\/2022\/04\/escaparate-02-150x150.png 150w\" data-sizes=\"(max-width: 359px) 100vw, 359px\" src=\"data:image\/svg+xml;base64,PHN2ZyB3aWR0aD0iMSIgaGVpZ2h0PSIxIiB4bWxucz0iaHR0cDovL3d3dy53My5vcmcvMjAwMC9zdmciPjwvc3ZnPg==\" class=\"lazyload\" style=\"--smush-placeholder-width: 359px; --smush-placeholder-aspect-ratio: 359\/359;\" \/>\t\t\t\t\t\t\t<\/p>\n<h3>\n\t\t\t\t\t\t\t\tCortines LED\t\t\t\t\t\t\t<\/h3>\n<p>\t\t\t\t\t\t\t\tVeure m\u00e9s +<br \/>\n\t\t\t<a href=\"https:\/\/www.dcled.es\/pantalla\/cortinas-led\/\"><br \/>\n\t\t\t\t\t\t\tLes cortines LED es caracteritzen per la seva transpar\u00e8ncia, permetent veure el contingut retransm\u00e8s a la pantalla al mateix temps que l&#8217;espai que hi ha al seu voltant. Son perfectes per a aparadors de tendes.<br \/>\n\t\t\t\t\t\t+ INFO<br \/>\n\t\t<\/a><br \/>\n\t\t\t\t\t\t\t\t<img width=\"360\" height=\"359\" data-src=\"https:\/\/www.dcled.es\/wp-content\/uploads\/2022\/04\/escaparate-05.png\" alt=\"\" decoding=\"async\" data-srcset=\"https:\/\/www.dcled.es\/wp-content\/uploads\/2022\/04\/escaparate-05.png 360w, https:\/\/www.dcled.es\/wp-content\/uploads\/2022\/04\/escaparate-05-300x300.png 300w, https:\/\/www.dcled.es\/wp-content\/uploads\/2022\/04\/escaparate-05-150x150.png 150w\" data-sizes=\"(max-width: 360px) 100vw, 360px\" src=\"data:image\/svg+xml;base64,PHN2ZyB3aWR0aD0iMSIgaGVpZ2h0PSIxIiB4bWxucz0iaHR0cDovL3d3dy53My5vcmcvMjAwMC9zdmciPjwvc3ZnPg==\" class=\"lazyload\" style=\"--smush-placeholder-width: 360px; --smush-placeholder-aspect-ratio: 360\/359;\" \/>\t\t\t\t\t\t\t<\/p>\n<h3>\n\t\t\t\t\t\t\t\tVentiladors LED\t\t\t\t\t\t\t<\/h3>\n<p>\t\t\t\t\t\t\t\tVeure m\u00e9s +<br \/>\n\t\t\t<a href=\"https:\/\/www.dcled.es\/pantalla\/ventiladores-led\/\"><br \/>\n\t\t\t\t\t\t\tEls ventiladors LED es caracterizen per donar una sensaci\u00f3 inmersiva. Les seves h\u00e8lix permeten crear la sensaci\u00f3 3D amb all\u00f2 que s&#8217;est\u00e0 retransmetent. \u00c9s perfecte per a fer promoci\u00f3 de petits objectes o elements, complementant els productes d&#8217;una tenda o petit comer\u00e7.<br \/>\n\t\t\t\t\t\t+ INFO<br \/>\n\t\t<\/a><br \/>\n\t\t\t\t\t\t\t\t<img width=\"360\" height=\"359\" data-src=\"https:\/\/www.dcled.es\/wp-content\/uploads\/2022\/04\/escaparate-06.png\" alt=\"\" decoding=\"async\" data-srcset=\"https:\/\/www.dcled.es\/wp-content\/uploads\/2022\/04\/escaparate-06.png 360w, https:\/\/www.dcled.es\/wp-content\/uploads\/2022\/04\/escaparate-06-300x300.png 300w, https:\/\/www.dcled.es\/wp-content\/uploads\/2022\/04\/escaparate-06-150x150.png 150w\" data-sizes=\"(max-width: 360px) 100vw, 360px\" src=\"data:image\/svg+xml;base64,PHN2ZyB3aWR0aD0iMSIgaGVpZ2h0PSIxIiB4bWxucz0iaHR0cDovL3d3dy53My5vcmcvMjAwMC9zdmciPjwvc3ZnPg==\" class=\"lazyload\" style=\"--smush-placeholder-width: 360px; --smush-placeholder-aspect-ratio: 360\/359;\" \/>\t\t\t\t\t\t\t<\/p>\n<h3>\n\t\t\t\t\t\t\t\tT\u00f2tems LED\t\t\t\t\t\t\t<\/h3>\n<p>\t\t\t\t\t\t\t\tVeure m\u00e9s +<br \/>\n\t\t\t<a href=\"https:\/\/www.dcled.es\/pantalla\/totems-led\/\"><br \/>\n\t\t\t\t\t\t\tEls t\u00f2tems LED s\u00f3n estructures verticals que tendeixen a col\u00b7locar-se dins dels recintes o botigues. Perfectes per a informar o mostrar continguts m\u00e9s espec\u00edfics, ja que la majoria de p\u00fablic s&#8217;aproximar\u00e0 o caminar\u00e0 prop del t\u00f2tem.<br \/>\n\t\t\t\t\t\t+ INFO<br \/>\n\t\t<\/a><\/p>\n","protected":false},"excerpt":{"rendered":"","protected":false},"author":2,"featured_media":3468,"parent":0,"menu_order":0,"comment_status":"closed","ping_status":"closed","template":"elementor_header_footer","meta":{"footnotes":""},"class_list":["post-2423","page","type-page","status-publish","has-post-thumbnail","hentry"],"_links":{"self":[{"href":"https:\/\/www.dcled.es\/ca\/wp-json\/wp\/v2\/pages\/2423","targetHints":{"allow":["GET"]}}],"collection":[{"href":"https:\/\/www.dcled.es\/ca\/wp-json\/wp\/v2\/pages"}],"about":[{"href":"https:\/\/www.dcled.es\/ca\/wp-json\/wp\/v2\/types\/page"}],"author":[{"embeddable":true,"href":"https:\/\/www.dcled.es\/ca\/wp-json\/wp\/v2\/users\/2"}],"replies":[{"embeddable":true,"href":"https:\/\/www.dcled.es\/ca\/wp-json\/wp\/v2\/comments?post=2423"}],"version-history":[{"count":5,"href":"https:\/\/www.dcled.es\/ca\/wp-json\/wp\/v2\/pages\/2423\/revisions"}],"predecessor-version":[{"id":4609,"href":"https:\/\/www.dcled.es\/ca\/wp-json\/wp\/v2\/pages\/2423\/revisions\/4609"}],"wp:featuredmedia":[{"embeddable":true,"href":"https:\/\/www.dcled.es\/ca\/wp-json\/wp\/v2\/media\/3468"}],"wp:attachment":[{"href":"https:\/\/www.dcled.es\/ca\/wp-json\/wp\/v2\/media?parent=2423"}],"curies":[{"name":"wp","href":"https:\/\/api.w.org\/{rel}","templated":true}]}}