{"id":2420,"date":"2023-02-02T13:03:12","date_gmt":"2023-02-02T12:03:12","guid":{"rendered":"https:\/\/www.dcled.es\/cataleg\/"},"modified":"2025-10-30T13:05:49","modified_gmt":"2025-10-30T12:05:49","slug":"cataleg","status":"publish","type":"page","link":"https:\/\/www.dcled.es\/ca\/cataleg\/","title":{"rendered":"Cat\u00e0leg"},"content":{"rendered":"\t\t<div data-elementor-type=\"wp-page\" data-elementor-id=\"2420\" class=\"elementor elementor-2420 elementor-2390\" data-elementor-post-type=\"page\">\n\t\t\t\t\t\t<section class=\"elementor-section elementor-top-section elementor-element elementor-element-96d6f54 elementor-section-boxed elementor-section-height-default elementor-section-height-default\" data-id=\"96d6f54\" data-element_type=\"section\">\n\t\t\t\t\t\t<div class=\"elementor-container elementor-column-gap-default\">\n\t\t\t\t\t<div class=\"elementor-column elementor-col-50 elementor-top-column elementor-element elementor-element-4d7f347\" data-id=\"4d7f347\" data-element_type=\"column\">\n\t\t\t<div class=\"elementor-widget-wrap elementor-element-populated\">\n\t\t\t\t\t\t<div class=\"elementor-element elementor-element-0421d66 elementor-widget elementor-widget-image\" data-id=\"0421d66\" data-element_type=\"widget\" data-widget_type=\"image.default\">\n\t\t\t\t\t\t\t\t\t\t\t\t\t\t\t<img decoding=\"async\" width=\"1500\" height=\"1000\" data-src=\"https:\/\/www.dcled.es\/wp-content\/uploads\/2023\/02\/MOCKUP_CATALEG.jpg\" class=\"attachment-full size-full wp-image-2393 lazyload\" alt=\"DCLED Cat\u00e1logo pantallas LED\" data-srcset=\"https:\/\/www.dcled.es\/wp-content\/uploads\/2023\/02\/MOCKUP_CATALEG.jpg 1500w, https:\/\/www.dcled.es\/wp-content\/uploads\/2023\/02\/MOCKUP_CATALEG-300x200.jpg 300w, https:\/\/www.dcled.es\/wp-content\/uploads\/2023\/02\/MOCKUP_CATALEG-1024x683.jpg 1024w, https:\/\/www.dcled.es\/wp-content\/uploads\/2023\/02\/MOCKUP_CATALEG-768x512.jpg 768w\" data-sizes=\"(max-width: 1500px) 100vw, 1500px\" src=\"data:image\/svg+xml;base64,PHN2ZyB3aWR0aD0iMSIgaGVpZ2h0PSIxIiB4bWxucz0iaHR0cDovL3d3dy53My5vcmcvMjAwMC9zdmciPjwvc3ZnPg==\" style=\"--smush-placeholder-width: 1500px; --smush-placeholder-aspect-ratio: 1500\/1000;\" \/>\t\t\t\t\t\t\t\t\t\t\t\t\t\t\t<\/div>\n\t\t\t\t\t<\/div>\n\t\t<\/div>\n\t\t\t\t<div class=\"elementor-column elementor-col-50 elementor-top-column elementor-element elementor-element-994ae8c\" data-id=\"994ae8c\" data-element_type=\"column\">\n\t\t\t<div class=\"elementor-widget-wrap elementor-element-populated\">\n\t\t\t\t\t\t<div class=\"elementor-element elementor-element-b79ab14 elementor-widget elementor-widget-heading\" data-id=\"b79ab14\" data-element_type=\"widget\" data-widget_type=\"heading.default\">\n\t\t\t\t\t<h2 class=\"elementor-heading-title elementor-size-default\">Accedeix al nostre cat\u00e0leg<\/h2>\t\t\t\t<\/div>\n\t\t\t\t<div class=\"elementor-element elementor-element-314cd95 elementor-widget elementor-widget-text-editor\" data-id=\"314cd95\" data-element_type=\"widget\" data-widget_type=\"text-editor.default\">\n\t\t\t\t\t\t\t\t\t<p>Al nostre cat\u00e0leg DCLED trobar\u00e1s tot tipus d&#8217;informaci\u00f3 relacionada amb les nostres pantalles i serveis, aix\u00ed com informaci\u00f3 dels widgets.<\/p>\t\t\t\t\t\t\t\t<\/div>\n\t\t\t\t\t<\/div>\n\t\t<\/div>\n\t\t\t\t\t<\/div>\n\t\t<\/section>\n\t\t\t\t<section class=\"elementor-section elementor-top-section elementor-element elementor-element-5a5019d elementor-section-boxed elementor-section-height-default elementor-section-height-default\" data-id=\"5a5019d\" data-element_type=\"section\">\n\t\t\t\t\t\t<div class=\"elementor-container elementor-column-gap-default\">\n\t\t\t\t\t<div class=\"elementor-column elementor-col-50 elementor-top-column elementor-element elementor-element-ceb105f\" data-id=\"ceb105f\" data-element_type=\"column\">\n\t\t\t<div class=\"elementor-widget-wrap elementor-element-populated\">\n\t\t\t\t\t\t<div class=\"elementor-element elementor-element-a64694c elementor-align-right elementor-widget elementor-widget-button\" data-id=\"a64694c\" data-element_type=\"widget\" data-widget_type=\"button.default\">\n\t\t\t\t\t\t\t\t\t\t<a class=\"elementor-button elementor-button-link elementor-size-sm\" href=\"https:\/\/www.dcled.es\/wp-content\/uploads\/2025\/10\/Cataleg-DCLED-2026.pdf\" download=\"\">\n\t\t\t\t\t\t<span class=\"elementor-button-content-wrapper\">\n\t\t\t\t\t\t\t\t\t<span class=\"elementor-button-text\">Descarrega en catal\u00e0<\/span>\n\t\t\t\t\t<\/span>\n\t\t\t\t\t<\/a>\n\t\t\t\t\t\t\t\t<\/div>\n\t\t\t\t\t<\/div>\n\t\t<\/div>\n\t\t\t\t<div class=\"elementor-column elementor-col-50 elementor-top-column elementor-element elementor-element-725abf8\" data-id=\"725abf8\" data-element_type=\"column\">\n\t\t\t<div class=\"elementor-widget-wrap elementor-element-populated\">\n\t\t\t\t\t\t<div class=\"elementor-element elementor-element-ab5b7f0 elementor-widget elementor-widget-button\" data-id=\"ab5b7f0\" data-element_type=\"widget\" data-widget_type=\"button.default\">\n\t\t\t\t\t\t\t\t\t\t<a class=\"elementor-button elementor-button-link elementor-size-sm\" href=\"https:\/\/www.dcled.es\/wp-content\/uploads\/2025\/10\/catalogo-DCLED-2026.pdf\" download=\"\">\n\t\t\t\t\t\t<span class=\"elementor-button-content-wrapper\">\n\t\t\t\t\t\t\t\t\t<span class=\"elementor-button-text\">Descarrega en castell\u00e0<\/span>\n\t\t\t\t\t<\/span>\n\t\t\t\t\t<\/a>\n\t\t\t\t\t\t\t\t<\/div>\n\t\t\t\t\t<\/div>\n\t\t<\/div>\n\t\t\t\t\t<\/div>\n\t\t<\/section>\n\t\t\t\t<\/div>\n\t\t","protected":false},"excerpt":{"rendered":"","protected":false},"author":2,"featured_media":0,"parent":0,"menu_order":0,"comment_status":"closed","ping_status":"closed","template":"elementor_header_footer","meta":{"footnotes":""},"class_list":["post-2420","page","type-page","status-publish","hentry"],"_links":{"self":[{"href":"https:\/\/www.dcled.es\/ca\/wp-json\/wp\/v2\/pages\/2420","targetHints":{"allow":["GET"]}}],"collection":[{"href":"https:\/\/www.dcled.es\/ca\/wp-json\/wp\/v2\/pages"}],"about":[{"href":"https:\/\/www.dcled.es\/ca\/wp-json\/wp\/v2\/types\/page"}],"author":[{"embeddable":true,"href":"https:\/\/www.dcled.es\/ca\/wp-json\/wp\/v2\/users\/2"}],"replies":[{"embeddable":true,"href":"https:\/\/www.dcled.es\/ca\/wp-json\/wp\/v2\/comments?post=2420"}],"version-history":[{"count":9,"href":"https:\/\/www.dcled.es\/ca\/wp-json\/wp\/v2\/pages\/2420\/revisions"}],"predecessor-version":[{"id":76018,"href":"https:\/\/www.dcled.es\/ca\/wp-json\/wp\/v2\/pages\/2420\/revisions\/76018"}],"wp:attachment":[{"href":"https:\/\/www.dcled.es\/ca\/wp-json\/wp\/v2\/media?parent=2420"}],"curies":[{"name":"wp","href":"https:\/\/api.w.org\/{rel}","templated":true}]}}