{"id":1862,"date":"2021-05-11T12:44:47","date_gmt":"2021-05-11T10:44:47","guid":{"rendered":"https:\/\/www.dcled.es\/politica-de-privacitat\/"},"modified":"2022-11-24T14:02:52","modified_gmt":"2022-11-24T13:02:52","slug":"politica-de-privacitat","status":"publish","type":"page","link":"https:\/\/www.dcled.es\/ca\/politica-de-privacitat\/","title":{"rendered":"Pol\u00edtica de privacitat"},"content":{"rendered":"\t\t<div data-elementor-type=\"wp-page\" data-elementor-id=\"1862\" class=\"elementor elementor-1862 elementor-3\" data-elementor-post-type=\"page\">\n\t\t\t\t\t\t<section class=\"elementor-section elementor-top-section elementor-element elementor-element-1ed9f61d elementor-section-boxed elementor-section-height-default elementor-section-height-default\" data-id=\"1ed9f61d\" data-element_type=\"section\">\n\t\t\t\t\t\t<div class=\"elementor-container elementor-column-gap-default\">\n\t\t\t\t\t<div class=\"elementor-column elementor-col-100 elementor-top-column elementor-element elementor-element-7de80d72\" data-id=\"7de80d72\" data-element_type=\"column\">\n\t\t\t<div class=\"elementor-widget-wrap elementor-element-populated\">\n\t\t\t\t\t\t<div class=\"elementor-element elementor-element-7f28f07 elementor-widget elementor-widget-heading\" data-id=\"7f28f07\" data-element_type=\"widget\" data-widget_type=\"heading.default\">\n\t\t\t\t\t<h1 class=\"elementor-heading-title elementor-size-default\">Pol\u00edtica de privacitat<\/h1>\t\t\t\t<\/div>\n\t\t\t\t<div class=\"elementor-element elementor-element-3dc1b0a8 elementor-widget elementor-widget-text-editor\" data-id=\"3dc1b0a8\" data-element_type=\"widget\" data-widget_type=\"text-editor.default\">\n\t\t\t\t\t\t\t\t\t\n<h2>1. INFORMACI\u00d3 A L&#8217;USUARI<\/h2>\n<p><strong>Doble Columna SL<\/strong>, des d&#8217;ara <strong>RESPONSABLE<\/strong>, \u00e9s el Responsable del tractament de les dades personals de l&#8217;usuari i l&#8217;informa que aquestes dades seran tractades de conformitat amb el que es disposa en el Reglament (UE) 2016\/679 de 27 d&#8217;abril de 2016 (RGPD) relatiu a la protecci\u00f3 de les persones f\u00edsiques pel que fa al tractament de dades personals ja la lliure circulaci\u00f3 d&#8217;aquestes dades, per la qual cosa se li facilita la seg\u00fcent informaci\u00f3 del tractament:<\/p>\n<p>Finalitat del tractament: mantenir una relaci\u00f3 comercial amb l&#8217;usuari.<\/p>\n<p>Les operacions previstes per a realitzar el tractament s\u00f3n:<\/p>\n<ul>\n<li>Enviar comunicacions comercials publicit\u00e0ries per correu electr\u00f2nic, fax, SMS, MMS, comunitats socials o qualsevol altre mitj\u00e0 electr\u00f2nic o f\u00edsic, present o futur, que possibiliti comunicacions comercials. Aquestes comunicacions seran realitzades pel RESPONSABLE i relacionades sobre els seus productes i serveis, o dels col\u00b7laboradors o prove\u00efdors amb els quals aquest hagi aconseguit algun acord de promoci\u00f3. En aquest cas, els tercers mai tindran acc\u00e9s a les dades personals.<\/li>\n<li>Fer estudis estad\u00edstics.<\/li>\n<li>Tramitar enc\u00e0rrecs, sol\u00b7licituds o qualsevol tipus de petici\u00f3 que sigui realitzada per l&#8217;usuari a trav\u00e9s de qualsevol de les formes de contacte que es posen a la seva disposici\u00f3.<\/li>\n<li>Enviar el butllet\u00ed de not\u00edcies de la p\u00e0gina web.<\/li>\n<\/ul>\n<p>Criteris de conservaci\u00f3 de les dades: es conservaran mentre hi hagi un inter\u00e8s mutu per a mantenir la fi del tractament i, quan ja no sigui necessari per a tal fi, se suprimiran amb mesures de seguretat adequades per a garantir la seva pseudonimizaci\u00f3n o la seva destrucci\u00f3 total.<\/p>\n<p>Comunicaci\u00f3 de les dades: No es comunicaran les dades a tercers, excepte per obligaci\u00f3 legal.<\/p>\n<p>Drets que assisteixen a l&#8217;usuari:<\/p>\n<ul>\n<li>Dret a retirar el consentiment en qualsevol moment.<\/li>\n<li>Dret d&#8217;acc\u00e9s, rectificaci\u00f3, portabilitat i supressi\u00f3 de les seves dades i de la limitaci\u00f3 o oposici\u00f3 al seu tractament.<\/li>\n<li>Dret a presentar una reclamaci\u00f3 davant l&#8217;autoritat de control (<a href=\"https:\/\/www.agpd.es\" target=\"_blank\" rel=\"noopener\">www.agpd.es<\/a>), si considera que el tractament no s&#8217;ajusta a la normativa vigent.<\/li>\n<\/ul>\n<h2>2. CAR\u00c0CTER OBLIGATORI O FACULTATIU DE LA INFORMACI\u00d3 FACILITADA PER L&#8217;USUARI<\/h2>\n<p>Els usuaris, mitjan\u00e7ant la marcaci\u00f3 de les caselles corresponents i entrada de dades en els camps, marcats amb un asterisc () en el formulari de contacte o presentats en formularis de desc\u00e0rrega, accepten expressament i de manera lliure i inequ\u00edvoca, que les seves dades s\u00f3n necess\u00e0ries per a atendre la seva petici\u00f3, per part del prestador, sent volunt\u00e0ria la inclusi\u00f3 de dades en els camps restants. L&#8217;usuari garanteix que les dades personals facilitades al RESPONSABLE s\u00f3n vera\u00e7os i es fa responsable de comunicar qualsevol modificaci\u00f3.<\/p>\n<p>El RESPONSABLE informa i garanteix expressament als usuaris que les seves dades personals no seran cedits en cap cas a tercers, i que sempre que realitz\u00e9s algun tipus de cessi\u00f3 de dades personals, es demanar\u00e0 pr\u00e8viament el consentiment expr\u00e9s, informat i inequ\u00edvoc dels usuaris. Totes les dades sol\u00b7licitades a trav\u00e9s del lloc web s\u00f3n obligatoris, ja que s\u00f3n necess\u00e0ries per a la prestaci\u00f3 d&#8217;un servei \u00f2ptim a l&#8217;usuari. En cas que no siguin facilitats totes les dades, no es garanteix que la informaci\u00f3 i els serveis facilitats siguin completament ajustats a les seves necessitats.<\/p>\n<h2>3. PROTECCI\u00d3 DE DADES<\/h2>\n<p>Autoritza de manera pr\u00e8via, expressa, informada i volunt\u00e0ria a <strong>DOBLE COLUMNA SL<\/strong>, amb CIF B43527498, pel tractament de les seves dades personals (incloent la seva incorporaci\u00f3 en els corresponents fitxers propietat de DOBLE COLUMNA SL) incorporades en les sol\u00b7licituds, escrits i qualsevol altre document i \/ o format normalitzat, per a poder contactar amb vost\u00e8s i per a rebre qualsevol tipus d&#8217;informaci\u00f3, comunicacions i \/ o publicitat i \/ o activitats relacionades, tal com disposen les normatives vigents en protecci\u00f3 de dades personals, el Reglament (UE) 2016\/679 de 27 d&#8217;abril de 2016 (RGPD) i la Llei org\u00e0nica (\u00c9S) 3\/2018 de 5 de desembre (LOPDGDD).<\/p>\n<p>Aix\u00ed mateix, s&#8217;accepta de manera pr\u00e8via, expressa, informada i volunt\u00e0ria les condicions d&#8217;\u00fas que <strong>DOBLE COLUMNA SL<\/strong> pugui fer de les dades facilitades.<\/p>\n<p><strong>DOBLE COLUMNA SL<\/strong> garanteix que s&#8217;han adoptat les mesures oportunes en el tractament de les dades personals, garantint la confidencialitat de les seves dades personals, i que aquestes no seran utilitzats per a fins diferents als previstos.<\/p>\n<p>De la mateixa manera, sempre que aix\u00ed ho desitgi, podr\u00e0 exercitar els seus drets d&#8217;acc\u00e9s, portabilitat, rectificaci\u00f3, cancel\u00b7laci\u00f3, limitaci\u00f3 i oposici\u00f3 relatius a aquest tractament, dirigint-se per escrit i acompanyant una fotoc\u00f2pia del seu DNI a l&#8217;efecte d&#8217;identificaci\u00f3 al correu electr\u00f2nic <a href=\"mailto:info@doblecolumna.com\">info@doblecolumna.com<\/a>, o mitjan\u00e7ant correu postal a l&#8217;adre\u00e7a de <strong>DOBLE COLUMNA SL<\/strong>, situada en l&#8217;Avinguda de Remolins, 20-24, de 43500-Tortosa (Tarragona).<\/p>\n<p>Si considera que el tractament no s&#8217;ajusta a la normativa vigent, podr\u00e0 presentar una reclamaci\u00f3 davant l&#8217;autoritat de control a agpd.es.<\/p>\n<h2>4. MESURES DE SEGURETAT<\/h2>\n<p>Que de conformitat amb el que es disposa en les normatives vigents en protecci\u00f3 de dades personals, el RESPONSABLE est\u00e0 complint amb totes les disposicions de les normatives del RGPD per al tractament de les dades personals de la seva responsabilitat, i manifestament amb els principis descrits en l&#8217;article 5 del RGPD, pel qual s\u00f3n tractades de manera l\u00edcita, lleial i transparent en relaci\u00f3 amb l&#8217;interessat, i adequats, pertinents i limitades al necessari en relaci\u00f3 amb els fins per als quals s\u00f3n tractades.<\/p>\n\t\t\t\t\t\t\t\t<\/div>\n\t\t\t\t\t<\/div>\n\t\t<\/div>\n\t\t\t\t\t<\/div>\n\t\t<\/section>\n\t\t\t\t<\/div>\n\t\t","protected":false},"excerpt":{"rendered":"","protected":false},"author":1,"featured_media":0,"parent":0,"menu_order":0,"comment_status":"closed","ping_status":"open","template":"elementor_header_footer","meta":{"footnotes":""},"class_list":["post-1862","page","type-page","status-publish","hentry"],"_links":{"self":[{"href":"https:\/\/www.dcled.es\/ca\/wp-json\/wp\/v2\/pages\/1862","targetHints":{"allow":["GET"]}}],"collection":[{"href":"https:\/\/www.dcled.es\/ca\/wp-json\/wp\/v2\/pages"}],"about":[{"href":"https:\/\/www.dcled.es\/ca\/wp-json\/wp\/v2\/types\/page"}],"author":[{"embeddable":true,"href":"https:\/\/www.dcled.es\/ca\/wp-json\/wp\/v2\/users\/1"}],"replies":[{"embeddable":true,"href":"https:\/\/www.dcled.es\/ca\/wp-json\/wp\/v2\/comments?post=1862"}],"version-history":[{"count":7,"href":"https:\/\/www.dcled.es\/ca\/wp-json\/wp\/v2\/pages\/1862\/revisions"}],"predecessor-version":[{"id":1869,"href":"https:\/\/www.dcled.es\/ca\/wp-json\/wp\/v2\/pages\/1862\/revisions\/1869"}],"wp:attachment":[{"href":"https:\/\/www.dcled.es\/ca\/wp-json\/wp\/v2\/media?parent=1862"}],"curies":[{"name":"wp","href":"https:\/\/api.w.org\/{rel}","templated":true}]}}