{"id":1858,"date":"2021-05-18T11:41:58","date_gmt":"2021-05-18T09:41:58","guid":{"rendered":"https:\/\/www.dcled.es\/politica-de-cookies\/"},"modified":"2022-11-24T13:56:27","modified_gmt":"2022-11-24T12:56:27","slug":"politica-de-cookies","status":"publish","type":"page","link":"https:\/\/www.dcled.es\/ca\/politica-de-cookies\/","title":{"rendered":"Pol\u00edtica de cookies"},"content":{"rendered":"\t\t<div data-elementor-type=\"wp-page\" data-elementor-id=\"1858\" class=\"elementor elementor-1858 elementor-286\" data-elementor-post-type=\"page\">\n\t\t\t\t\t\t<section class=\"elementor-section elementor-top-section elementor-element elementor-element-38329d4 elementor-section-boxed elementor-section-height-default elementor-section-height-default\" data-id=\"38329d4\" data-element_type=\"section\">\n\t\t\t\t\t\t<div class=\"elementor-container elementor-column-gap-default\">\n\t\t\t\t\t<div class=\"elementor-column elementor-col-100 elementor-top-column elementor-element elementor-element-354e125\" data-id=\"354e125\" data-element_type=\"column\">\n\t\t\t<div class=\"elementor-widget-wrap elementor-element-populated\">\n\t\t\t\t\t\t<div class=\"elementor-element elementor-element-33cec87 elementor-widget elementor-widget-heading\" data-id=\"33cec87\" data-element_type=\"widget\" data-widget_type=\"heading.default\">\n\t\t\t\t\t<h1 class=\"elementor-heading-title elementor-size-default\">Pol\u00edtica de cookies<\/h1>\t\t\t\t<\/div>\n\t\t\t\t<div class=\"elementor-element elementor-element-71f759e elementor-widget elementor-widget-text-editor\" data-id=\"71f759e\" data-element_type=\"widget\" data-widget_type=\"text-editor.default\">\n\t\t\t\t\t\t\t\t\t<h2>INFORMACI\u00d3 SOBRE COOKIES<\/h2>\n<p>A causa de l&#8217;entrada en vigor de la referent modificaci\u00f3 de la \u00abLlei de Serveis de la Societat de la Informaci\u00f3\u00bb (LSSICE) establerta pel Reial decret 13\/2012, \u00e9s d&#8217;obligaci\u00f3 obtenir el consentiment expr\u00e9s de l&#8217;usuari de totes les p\u00e0gines web que utilitzen cookies prescindibles, abans que aquest navegui per elles.<\/p>\n<h3>QU\u00c8 S\u00d3N LES COOKIES?<\/h3>\n<p>Les cookies i altres tecnologies similars com ara local shared objects, flaix cookies o p\u00edxels, s\u00f3n eines utilitzades pels servidors web per a emmagatzemar i recuperar informaci\u00f3 sobre els seus visitants, aix\u00ed com per a oferir un correcte funcionament del lloc. Mitjan\u00e7ant l&#8217;\u00fas d&#8217;aquests dispositius es permet al servidor web recordar algunes dades concernents a l&#8217;usuari, com les seves prefer\u00e8ncies per a la visualitzaci\u00f3 de les p\u00e0gines d&#8217;aquest servidor, nom i contrasenya, productes que m\u00e9s li interessen, etc.<\/p>\n<h4>COOKIES AFECTADES PER LA NORMATIVA I COOKIES EXEMPTES<\/h4>\n<p>Segons la directiva de la UE, les cookies que requereixen el consentiment informat per part de l&#8217;usuari s\u00f3n les cookies d&#8217;anal\u00edtica i les de publicitat i afiliaci\u00f3, quedant exceptuades les de car\u00e0cter t\u00e8cnic i les necess\u00e0ries per al funcionament del lloc web o la prestaci\u00f3 de serveis expressament sol\u00b7licitats per l&#8217;usuari.<\/p>\n<h4>QUIN TIPUS DE COOKIES HI HA?<\/h4>\n<p>Sobre els tipus de galetes, hi ha cinc grans grups:<\/p>\n<ol>\n<li><strong>Cookies anal\u00edtiques<\/strong>: recullen informaci\u00f3 de l&#8217;\u00fas que es realitza del lloc web.<\/li>\n<li><strong>Cookies socials<\/strong>: s\u00f3n aquelles necess\u00e0ries per a xarxes socials externes.<\/li>\n<li><strong>Cookies d&#8217;afiliats<\/strong>: permeten realitzar un seguiment de les visites procedents d&#8217;altres webs, amb les quals el lloc web estableix un contracte d&#8217;afiliaci\u00f3 (empreses d&#8217;afiliaci\u00f3).<\/li>\n<li><strong>Cookies de publicitat i comportament: recullen informaci\u00f3 sobre les prefer\u00e8ncies i eleccions personals de l&#8217;usuari (retargeting).<\/strong><\/li>\n<li><strong>Cookies t\u00e8cniques i funcionals<\/strong>: s\u00f3n els estrictament necessaris per a l&#8217;\u00fas del lloc web i per a la prestaci\u00f3 del servei contractat.<\/li>\n<\/ol>\n<h4>COOKIES QUE UTILITZEM EN EL NOSTRE LLOC WEB<\/h4>\n<p><strong>PHPSESSID<\/strong>: cookie t\u00e8cnica i estrictament necess\u00e0ria que cont\u00e9 l&#8217;identificador de la sessi\u00f3. S&#8217;elimina en tancar el navegador.<br \/><strong>_ga<\/strong>: cookie de Google Analytics Universal que habilita la funci\u00f3 de control de visites \u00faniques. La primera vegada que un usuari entre en el lloc web a trav\u00e9s d&#8217;un navegador instal\u00b7lar\u00e0 aquesta cookie. Quan aquest usuari torni a entrar en la web amb el mateix navegador, la cookie considerar\u00e0 que \u00e9s el mateix usuari. Nom\u00e9s en el cas que l&#8217;usuari canvi\u00ef de navegador, es considerar\u00e0 un altre usuari. Caduca als 2 anys des de l&#8217;\u00faltima actualitzaci\u00f3.<br \/><strong>_gat<\/strong>: Aquesta cookie s&#8217;associa amb Google Analytics Universal. S&#8217;utilitza per a limitar la velocitat de petici\u00f3 &#8211; la limitaci\u00f3 de la recollida de dades en els llocs d&#8217;alt tr\u00e0nsit. Caduca als 10 minuts.<\/p>\n<h4>REVOCACI\u00d3 DEL CONSENTIMENT PER A INSTAL\u00b7LAR COOKIES COM ELIMINAR LES COOKIES DEL NAVEGADOR<\/h4>\n<p><strong>Chrome<\/strong><\/p>\n<ol>\n<li>Seleccioni la icona d&#8217;Eines<\/li>\n<li>Faci clic en Configuraci\u00f3.<\/li>\n<li>Fes clic a Mostrar Opcions Avan\u00e7ades.<\/li>\n<li>En la secci\u00f3 \u00abPrivacitat\u00bb faci clic en Configuraci\u00f3 de contingut.<\/li>\n<li>Eliminar cookies: Fes clic en Totes les cookies i dades del lloc &#8230;<\/li>\n<li>No permetre que s&#8217;emmagatzemin cookies.<\/li>\n<li>Fes clic a Esborrar dades de navegaci\u00f3 (buidar la CACH\u00c9).<\/li>\n<li>Tanca i reinicia el navegador.<\/li>\n<\/ol>\n<p>Per a m\u00e9s informaci\u00f3 sobre Chrome premi aqu\u00ed: <a href=\"https:\/\/support.google.com\/chrome\/answer\/95647?hl=es\" target=\"_blank\" rel=\"noopener\">https:\/\/support.google.com\/chrome\/answer\/95647?hl=es<\/a><\/p>\n<p><strong>Internet Explorer. versi\u00f3 11<\/strong><\/p>\n<ol>\n<li>Seleccionar Eines | Opcions d&#8217;Internet.<\/li>\n<li>Fes clic en la pestanya General.<\/li>\n<li>En la secci\u00f3 \u00abHistorial de navegaci\u00f3\u00bb, faci clic a Eliminar l&#8217;historial d&#8217;exploraci\u00f3 en sortir.<\/li>\n<li>Seleccionar Eliminar arxius.<\/li>\n<li>Seleccionar Eliminar cookies.<\/li>\n<li>Faci clic a Eliminar.<\/li>\n<li>Fes clic a Acceptar.<\/li>\n<li>Tanca i reinicia el navegador.<\/li>\n<\/ol>\n<p>Per a m\u00e9s informaci\u00f3 sobre Internet Explorer premi aqu\u00ed: <a href=\"https:\/\/windows.microsoft.com\/es-419\/windows7\/how-to-manage-cookies-in-internet-explorer-9\" target=\"_blank\" rel=\"noopener\">https:\/\/windows.microsoft.com\/es-419\/windows7\/how-to-manage-cookies-in-internet-explorer-9<\/a><\/p>\n<p><strong>Firefox. versi\u00f3 18<\/strong><\/p>\n<ol>\n<li>Seleccionar Firefox | historial | Netejar l&#8217;historial recent.<\/li>\n<li>Al costat de \u00abDetalls\u00bb, fes clic en la fletxa cap avall.<\/li>\n<li>Seleccionar les seg\u00fcents caselles de verificaci\u00f3: galetes, Caixet, Inicis de sessi\u00f3 actius<\/li>\n<li>Usant el &#8220;Per\u00edode de temps per a esborrar\u00bb en el men\u00fa desplegable, selecciona Tot.<\/li>\n<li>Faci clic en Neteja ara.<\/li>\n<li>Tanca i reinicia el navegador.<\/li>\n<\/ol>\n<p>Pot acceptar o rebutjar les cookies individualment en les Prefer\u00e8ncies de Firefox, en la secci\u00f3 Historial disponible en Eines &gt;  Opcions &gt;  Privacitat.<\/p>\n<p>Per a m\u00e9s informaci\u00f3 sobre Mozilla Firefox premi aqu\u00ed: <a href=\"https:\/\/www.mozilla.org\/es-ES\/privacy\/websites\/#cookies\" target=\"_blank\" rel=\"noopener\">https:\/\/www.mozilla.org\/es-es\/privacy\/websites\/#cookies<\/a><\/p>\n<p><strong>Safari Versi\u00f3 5.1<\/strong><\/p>\n<ol>\n<li>Seleccioni la icona de Safari \/ Edici\u00f3 | Restaurar Safari.<\/li>\n<li>Seleccionar les seg\u00fcents caselles de verificaci\u00f3: Esborrar l&#8217;historial, Eliminar totes les dades de lloc web<\/li>\n<li>Fes clic a Restablir.<\/li>\n<li>Tanca i reinicia el navegador.<\/li>\n<\/ol>\n<p>Per a m\u00e9s informaci\u00f3 sobre Safari premi aqu\u00ed: <strong>https:\/\/support.apple.com\/kb\/ph5042<\/strong><\/p>\n<p><strong>Opera<\/strong><\/p>\n<p>Opcions &#8211; Avan\u00e7at &#8211; Galetes.<br \/>Les opcions de cookies controlen la manera en qu\u00e8 Opera els maneja i per tant la seva acceptaci\u00f3 o rebuig.<\/p>\n<p>Per a m\u00e9s informaci\u00f3 sobre \u00d2pera premi aqu\u00ed: <a href=\"https:\/\/help.opera.com\/Linux\/10.60\/es-ES\/cookies.html\" target=\"_blank\" rel=\"noopener\">https:\/\/help.opera.com\/linux\/10.60\/es-es\/cookies.html<\/a><\/p>\n<p><strong>Altres navegadors<\/strong><br \/>Consulti la documentaci\u00f3 del navegador que tingui instal\u00b7lat.<\/p>\n\t\t\t\t\t\t\t\t<\/div>\n\t\t\t\t\t<\/div>\n\t\t<\/div>\n\t\t\t\t\t<\/div>\n\t\t<\/section>\n\t\t\t\t<\/div>\n\t\t","protected":false},"excerpt":{"rendered":"","protected":false},"author":1,"featured_media":0,"parent":0,"menu_order":0,"comment_status":"closed","ping_status":"closed","template":"elementor_header_footer","meta":{"footnotes":""},"class_list":["post-1858","page","type-page","status-publish","hentry"],"_links":{"self":[{"href":"https:\/\/www.dcled.es\/ca\/wp-json\/wp\/v2\/pages\/1858","targetHints":{"allow":["GET"]}}],"collection":[{"href":"https:\/\/www.dcled.es\/ca\/wp-json\/wp\/v2\/pages"}],"about":[{"href":"https:\/\/www.dcled.es\/ca\/wp-json\/wp\/v2\/types\/page"}],"author":[{"embeddable":true,"href":"https:\/\/www.dcled.es\/ca\/wp-json\/wp\/v2\/users\/1"}],"replies":[{"embeddable":true,"href":"https:\/\/www.dcled.es\/ca\/wp-json\/wp\/v2\/comments?post=1858"}],"version-history":[{"count":3,"href":"https:\/\/www.dcled.es\/ca\/wp-json\/wp\/v2\/pages\/1858\/revisions"}],"predecessor-version":[{"id":1861,"href":"https:\/\/www.dcled.es\/ca\/wp-json\/wp\/v2\/pages\/1858\/revisions\/1861"}],"wp:attachment":[{"href":"https:\/\/www.dcled.es\/ca\/wp-json\/wp\/v2\/media?parent=1858"}],"curies":[{"name":"wp","href":"https:\/\/api.w.org\/{rel}","templated":true}]}}