{"id":1854,"date":"2021-05-18T11:29:25","date_gmt":"2021-05-18T09:29:25","guid":{"rendered":"https:\/\/www.dcled.es\/avis-legal\/"},"modified":"2022-11-24T13:42:47","modified_gmt":"2022-11-24T12:42:47","slug":"avis-legal","status":"publish","type":"page","link":"https:\/\/www.dcled.es\/ca\/avis-legal\/","title":{"rendered":"Av\u00eds legal"},"content":{"rendered":"\t\t<div data-elementor-type=\"wp-page\" data-elementor-id=\"1854\" class=\"elementor elementor-1854 elementor-278\" data-elementor-post-type=\"page\">\n\t\t\t\t\t\t<section class=\"elementor-section elementor-top-section elementor-element elementor-element-1eccbc0 elementor-section-boxed elementor-section-height-default elementor-section-height-default\" data-id=\"1eccbc0\" data-element_type=\"section\">\n\t\t\t\t\t\t<div class=\"elementor-container elementor-column-gap-default\">\n\t\t\t\t\t<div class=\"elementor-column elementor-col-100 elementor-top-column elementor-element elementor-element-e5059dc\" data-id=\"e5059dc\" data-element_type=\"column\">\n\t\t\t<div class=\"elementor-widget-wrap elementor-element-populated\">\n\t\t\t\t\t\t<div class=\"elementor-element elementor-element-b0e1309 elementor-widget elementor-widget-heading\" data-id=\"b0e1309\" data-element_type=\"widget\" data-widget_type=\"heading.default\">\n\t\t\t\t\t<h1 class=\"elementor-heading-title elementor-size-default\">Av\u00eds legal<\/h1>\t\t\t\t<\/div>\n\t\t\t\t<div class=\"elementor-element elementor-element-018a7f1 elementor-widget elementor-widget-text-editor\" data-id=\"018a7f1\" data-element_type=\"widget\" data-widget_type=\"text-editor.default\">\n\t\t\t\t\t\t\t\t\t<p>Llei dels serveis de la societat de la informaci\u00f3 i de comer\u00e7 electr\u00f2nic (LSSICE)<\/p>\n<p><strong>Doble Columna SL<\/strong>, responsable del lloc web, posa a la disposici\u00f3 dels usuaris el present document, amb el qual pret\u00e9n donar compliment a les obligacions disposades en la Llei 34\/2002, d&#8217;11 de juliol, de Serveis de la Societat de la Informaci\u00f3 i de Comer\u00e7 Electr\u00f2nic (LSSICE), BOE N\u00fam. 166, aix\u00ed com informar a tots els usuaris del lloc web respecte a quins s\u00f3n les condicions d&#8217;\u00fas. Tota persona que accedeixi a aquest lloc web assumeix el paper d&#8217;usuari, comprometent-se a l&#8217;observan\u00e7a i compliment rigor\u00f3s de les disposicions aqu\u00ed disposades, aix\u00ed com qualsevol altra disposici\u00f3 legal que fos aplicable. Doble Columna SL es reserva el dret de modificar qualsevol tipus d&#8217;informaci\u00f3 que pogu\u00e9s apar\u00e8ixer en el lloc web, sense que existeixi obligaci\u00f3 de preavisar o posar en coneixement dels usuaris aquestes obligacions, entenent-se com a suficient amb la publicaci\u00f3 en el lloc web de <a href=\"https:\/\/www.dcled.es\/ca\/\">DCLED.ES<\/a>.<\/p>\n<p>Aquesta companyia es compromet a no permetre cap transacci\u00f3 que sigui il\u00b7legal, o es consideri per les marques de targetes de cr\u00e8dit o el banc adquirent, que pugui o tingui el potencial de danyar la bona voluntat dels mateixos o influir de manera negativa en ells. Les seg\u00fcents activitats estan prohibides en virtut dels programes de les marques de targetes: la venda o oferta d&#8217;un producte o servei que no sigui de plena conformitat amb totes les lleis aplicables al comprador, banc emissor, Comerciant, Titular de la targeta, o targetes.<\/p>\n<p>A m\u00e9s, les seg\u00fcents activitats tamb\u00e9 estan prohibides expl\u00edcitament:<\/p>\n<p>\u00abVenda de begudes alcoh\u00f2liques a menors de 18 anys\u00bb<\/p>\n<h2>Dades identificatives<\/h2>\n<p>Nom de domini: <a href=\"https:\/\/www.dcled.es\/ca\/\">https:\/\/www.dcled.es<\/a> <br \/>Nom comercial: <strong>Doble Columna SL<\/strong> <br \/>Denominaci\u00f3 social: <strong>Doble Columna SL<\/strong> NIF: B-43996941 Domicili social: Avinguda Remolins, 24 &#8211; Tortosa (TARRAGONA) 977 58 80 32 <br \/>e-mail: <a href=\"mailto:info@doblecolumna.com\">info@doblecolumna.com<\/a> <br \/>Inscrita en el Registre de Tarragona (Tom 1356, Foli 142, fulla T16024, Inscripci\u00f3 1a).<\/p>\n<h2>Protecci\u00f3 de dades<\/h2>\n<p>Autoritza de manera pr\u00e8via, expressa, informada i volunt\u00e0ria a <strong>DOBLE COLUMNA SL<\/strong>, amb CIF B43527498, pel tractament de les seves dades personals (incloent la seva incorporaci\u00f3 en els corresponents fitxers propietat de <strong>DOBLE COLUMNA SL<\/strong>) incorporades en les sol\u00b7licituds, escrits i qualsevol altre document i \/ o format normalitzat per a poder contactar amb vost\u00e8s i per a rebre qualsevol tipus d&#8217;informaci\u00f3, comunicacions i \/ o publicitat referent i \/ o activitats relacionades, tal com disposen les normatives vigents en protecci\u00f3 de dades personals, el Reglament (UE) 2016\/679 de 27 d&#8217;abril de 2016 (RGPD) i la Llei org\u00e0nica (\u00c9S) 3\/2018 de 5 de desembre (LOPDGDD).<br \/>Aix\u00ed mateix, s&#8217;accepta de manera pr\u00e8via, expressa, informada i volunt\u00e0ria les condicions d&#8217;\u00fas que <strong>DOBLE COLUMNA SL<\/strong> pugui fer de les dades facilitades.<\/p>\n<p><strong>DOBLE COLUMNA SL<\/strong> garanteix que s&#8217;han adoptat les mesures oportunes en el tractament de les dades personals, garantint la confidencialitat de les seves dades personals, i que aquestes no seran utilitzats per a fins diferents als previstos.<br \/>De la mateixa manera, sempre que aix\u00ed ho desitgi, podr\u00e0 exercitar els seus drets d&#8217;acc\u00e9s, portabilitat, rectificaci\u00f3, cancel\u00b7laci\u00f3, limitaci\u00f3 i oposici\u00f3 relatius a aquest tractament, dirigint-se per escrit i acompanyant una fotoc\u00f2pia del seu DNI a l&#8217;efecte d&#8217;identificaci\u00f3 al correu electr\u00f2nic <a href=\"mailto:info@doblecolumna.com\">info@doblecolumna.com<\/a>, o mitjan\u00e7ant correu postal a l&#8217;adre\u00e7a de <strong>DOBLE COLUMNA SL<\/strong>, situada en l&#8217;Avinguda de Remolins, 20-24, de 43500-Tortosa (Tarragona).<\/p>\n<p>Si considera que el tractament no s&#8217;ajusta a la normativa vigent, podr\u00e0 presentar una reclamaci\u00f3 davant l&#8217;autoritat de control a agpd.es.<\/p>\n<h2>Exempci\u00f3 de responsabilitats<\/h2>\n<p>Doble Columna SL s&#8217;eximeix de qualsevol tipus de responsabilitat derivada de la informaci\u00f3 publicada en el seu lloc web sempre que aquesta informaci\u00f3 hagi estat manipulada o introdu\u00efda per un tercer ali\u00e8 a aquest.<\/p>\n<h2>\u00das de Cookies<\/h2>\n<p>Aquest lloc web pot utilitzar cookies t\u00e8cniques (petits arxius d&#8217;informaci\u00f3 que el servidor envia a l&#8217;ordinador de qui accedeix a la p\u00e0gina) per a dur a terme determinades funcions que s\u00f3n considerades imprescindibles per al correcte funcionament i visualitzaci\u00f3 del lloc. Les cookies utilitzades tenen, en tot cas, car\u00e0cter temporal, amb l&#8217;\u00fanica finalitat de fer m\u00e9s efica\u00e7 la navegaci\u00f3, i desapareixen en acabar la sessi\u00f3 de l&#8217;usuari. En cap cas, aquestes cookies proporcionen per si mateixes dades de car\u00e0cter personal i no s&#8217;utilitzaran per a la recollida d&#8217;aquests. Mitjan\u00e7ant l&#8217;\u00fas de cookies tamb\u00e9 \u00e9s possible que el servidor on es troba la web reconegui el navegador utilitzat per l&#8217;usuari amb la finalitat que la navegaci\u00f3 sigui m\u00e9s senzilla, permetent, per exemple, l&#8217;acc\u00e9s dels usuaris que s&#8217;hagin registrat pr\u00e8viament a les \u00e0rees, serveis, promocions o concursos reservats exclusivament a ells sense haver de registrar-se en cada visita. Tamb\u00e9 es poden utilitzar per a mesurar l&#8217;audi\u00e8ncia, par\u00e0metres de tr\u00e0nsit, controlar el progr\u00e9s i nombre d&#8217;entrades, etc., sent en aquests casos cookies prescindibles t\u00e8cnicament per\u00f2 beneficioses per a l&#8217;usuari. Aquest lloc web no instal\u00b7lar\u00e0 cookies prescindibles sense el consentiment previ de l&#8217;usuari. L&#8217;usuari t\u00e9 la possibilitat de configurar el seu navegador per a ser alertat de la recepci\u00f3 de cookies i per a impedir la seva instal\u00b7laci\u00f3 en el seu equip. Si us plau, consulti les instruccions del seu navegador per a ampliar aquesta informaci\u00f3.<\/p>\n<h2>Pol\u00edtica d&#8217;enlla\u00e7os<\/h2>\n<p>Des del lloc web, \u00e9s possible que es redirigeixi a continguts de tercers llocs web. At\u00e8s que <strong>Doble Columna SL<\/strong> no pot controlar sempre els continguts introdu\u00efts per tercers en els seus respectius llocs web, no assumeix cap mena de responsabilitat respecte a aquests continguts. En tot cas, procedir\u00e0 a la retirada immediata de qualsevol contingut que pogu\u00e9s contravenir la legislaci\u00f3 nacional o internacional, la moral o l&#8217;ordre p\u00fablic, procedint a la retirada immediata de la redirecci\u00f3 a aquest lloc web, posant en coneixement de les autoritats competents el contingut en q\u00fcesti\u00f3. Doble Columna SL no es fa responsable de la informaci\u00f3 i continguts emmagatzemats, a t\u00edtol enunciatiu per\u00f2 no limitatiu, en f\u00f2rums, xats, generadors de blogs, comentaris xarxes socials o qualsevol altre mitj\u00e0 que permeti a tercers publicar continguts de manera independent en la p\u00e0gina web de <a href=\"https:\/\/www.dcled.es\/ca\/\">www.dcled.es<\/a>. No obstant aix\u00f2, i en compliment del que es disposa en els articles 11 i 16 de la LSSICE, es posa a la disposici\u00f3 de tots els usuaris, autoritats i forces de seguretat, col\u00b7laborant de manera activa en la retirada o, en el seu cas, bloqueig de tots aquells continguts que puguin afectar o contravenir la legislaci\u00f3 nacional o internacional, els drets de tercers o la moral i l&#8217;ordre p\u00fablic. En cas que l&#8217;usuari consideri que existeix en el lloc web algun contingut que pogu\u00e9s ser susceptible d&#8217;aquesta classificaci\u00f3, es prega el notifiqui de manera immediata a l&#8217;administrador del lloc web. Aquest lloc web ha estat revisat i provat perqu\u00e8 funcioni correctament. En principi, pot garantir-se el correcte funcionament els 365 dies de l&#8217;any, 24 hores al dia. No obstant aix\u00f2, <strong>Doble Columna SL<\/strong> no descarta la possibilitat que existeixin uns certs errors de programaci\u00f3, o que esdevinguin causes de for\u00e7a major, cat\u00e0strofes naturals, vagues o circumst\u00e0ncies semblants que facin impossible l&#8217;acc\u00e9s a la p\u00e0gina web.<\/p>\n<h2>Adreces IP<\/h2>\n<p>Els servidors del lloc web podran detectar de manera autom\u00e0tica l&#8217;adre\u00e7a IP i el nom de domini utilitzats per l&#8217;usuari. Una adre\u00e7a IP \u00e9s un n\u00famero assignat autom\u00e0ticament a un ordinador quan aquest es connecta a Internet. Tota aquesta informaci\u00f3 \u00e9s registrada en un fitxer d&#8217;activitat del servidor degudament inscrit que permet el posterior processament de les dades amb la finalitat d&#8217;obtenir mesuraments \u00fanicament estad\u00edstics que permetin con\u00e8ixer el nombre d&#8217;impressions de p\u00e0gines, el nombre de visites realitzades als servidors web, l&#8217;ordre de visites, el punt d&#8217;acc\u00e9s, etc.<\/p>\n<h2>Llei aplicable i jurisdicci\u00f3<\/h2>\n<p>Per a la resoluci\u00f3 de totes les controv\u00e8rsies o q\u00fcestions relacionades amb el present lloc web o de les activitats en ell desenvolupades, ser\u00e0 aplicable la legislaci\u00f3 espanyola, a la qual se sotmeten expressament les parts, sent competents per a la resoluci\u00f3 de tots els conflictes derivats o relacionats amb el seu \u00fas els Jutjats i Tribunals m\u00e9s pr\u00f2xims a Tortosa.<\/p>\n\t\t\t\t\t\t\t\t<\/div>\n\t\t\t\t\t<\/div>\n\t\t<\/div>\n\t\t\t\t\t<\/div>\n\t\t<\/section>\n\t\t\t\t<\/div>\n\t\t","protected":false},"excerpt":{"rendered":"","protected":false},"author":1,"featured_media":0,"parent":0,"menu_order":0,"comment_status":"closed","ping_status":"closed","template":"elementor_header_footer","meta":{"footnotes":""},"class_list":["post-1854","page","type-page","status-publish","hentry"],"_links":{"self":[{"href":"https:\/\/www.dcled.es\/ca\/wp-json\/wp\/v2\/pages\/1854","targetHints":{"allow":["GET"]}}],"collection":[{"href":"https:\/\/www.dcled.es\/ca\/wp-json\/wp\/v2\/pages"}],"about":[{"href":"https:\/\/www.dcled.es\/ca\/wp-json\/wp\/v2\/types\/page"}],"author":[{"embeddable":true,"href":"https:\/\/www.dcled.es\/ca\/wp-json\/wp\/v2\/users\/1"}],"replies":[{"embeddable":true,"href":"https:\/\/www.dcled.es\/ca\/wp-json\/wp\/v2\/comments?post=1854"}],"version-history":[{"count":3,"href":"https:\/\/www.dcled.es\/ca\/wp-json\/wp\/v2\/pages\/1854\/revisions"}],"predecessor-version":[{"id":1857,"href":"https:\/\/www.dcled.es\/ca\/wp-json\/wp\/v2\/pages\/1854\/revisions\/1857"}],"wp:attachment":[{"href":"https:\/\/www.dcled.es\/ca\/wp-json\/wp\/v2\/media?parent=1854"}],"curies":[{"name":"wp","href":"https:\/\/api.w.org\/{rel}","templated":true}]}}